{"id":2866,"date":"2023-08-12T17:48:36","date_gmt":"2023-08-12T20:48:36","guid":{"rendered":"https:\/\/lavanderiaalves.com.br\/?page_id=2866"},"modified":"2023-09-10T13:31:39","modified_gmt":"2023-09-10T16:31:39","slug":"lavagem-de-persianas","status":"publish","type":"page","link":"https:\/\/lavanderiaalves.com.br\/index.php\/lavagem-de-persianas\/","title":{"rendered":"Lavagem de Persianas"},"content":{"rendered":"\n<div class=\"wp-block-uagb-container uagb-block-fc52dedc alignfull uagb-is-root-container\"><div class=\"uagb-container-inner-blocks-wrap\">\n<div class=\"wp-block-uagb-container uagb-block-3a18668e\">\n<div class=\"wp-block-uagb-image aligncenter uagb-block-db99b616 wp-block-uagb-image--layout-default wp-block-uagb-image--effect-static wp-block-uagb-image--align-center\"><figure class=\"wp-block-uagb-image__figure\"><img loading=\"lazy\" decoding=\"async\" srcset=\"https:\/\/lavanderiaalves.com.br\/wp-content\/uploads\/2023\/09\/lavagem_de_persianas.webp \" sizes=\"auto, (max-width: 480px) 150px\" src=\"https:\/\/lavanderiaalves.com.br\/wp-content\/uploads\/2023\/09\/lavagem_de_persianas.webp\" alt=\"lavagem_de_persianas\" class=\"uag-image-3931\" width=\"1349\" height=\"916\" title=\"\" loading=\"lazy\"\/><\/figure><\/div>\n<\/div>\n\n\n\n<div class=\"wp-block-uagb-container uagb-block-34a1a122\">\n<div class=\"wp-block-uagb-info-box uagb-block-d79c64d4 uagb-infobox__content-wrap  uagb-infobox-icon-above-title uagb-infobox-image-valign-top\"><div class=\"uagb-ifb-content\"><div class=\"uagb-ifb-title-wrap\"><h3 class=\"uagb-ifb-title\">Lavagem e Higieniza\u00e7\u00e3o de Persianas<\/h3><\/div><div class=\"uagb-ifb-separator\"><\/div><p class=\"uagb-ifb-desc\">Com mais de 30 anos de experi\u00eancia, a Lavanderia Alves executa os servi\u00e7os de lavagem e higieniza\u00e7\u00e3o de persianas, al\u00e9m de manuten\u00e7\u00e3o, reinstala\u00e7\u00e3o, recortes, adapta\u00e7\u00e3o para tamanhos diferentes, reformas em geral e consertos.<br>Al\u00e9m de todo o profissionalismo, voc\u00ea conta com a lavanderia de melhor estrutura, capaz de suprir as demandas de clientes f\u00edsicos ou jur\u00eddicos, com extrema efici\u00eancia.<br>Nosso objetivo \u00e9 sempre superar as expectativas dos nossos clientes.<\/p><div class=\"uagb-ifb-button-wrapper wp-block-button\"><a href=\"https:\/\/api.whatsapp.com\/send?phone=5511954920850&amp;text=Ola%20gostaria%20de%20fazer%20um%20or%C3%A7amento.\" class=\"uagb-infobox-cta-link wp-block-button__link\" target=\"_blank\" rel=\"noopener noreferrer\" onclick=\"return true;\" alt=\"\"><span class=\"uagb-inline-editing\">FALE CONOSCO<\/span><svg xmlns=\"https:\/\/www.w3.org\/2000\/svg\" viewBox=\"0 0 512 512\"><path d=\"M504.3 273.6l-112.1 104c-6.992 6.484-17.18 8.218-25.94 4.406c-8.758-3.812-14.42-12.45-14.42-21.1L351.9 288H32C14.33 288 .0002 273.7 .0002 255.1S14.33 224 32 224h319.9l0-72c0-9.547 5.66-18.19 14.42-22c8.754-3.809 18.95-2.075 25.94 4.41l112.1 104C514.6 247.9 514.6 264.1 504.3 273.6z\"><\/path><\/svg><\/a><\/div><\/div><\/div>\n<\/div>\n<\/div><\/div>\n\n\n\n<div class=\"wp-block-uagb-container uagb-block-21180a66 alignfull uagb-is-root-container\"><div class=\"uagb-container-inner-blocks-wrap\">\n<hr class=\"wp-block-separator has-text-color has-ast-global-color-1-color has-alpha-channel-opacity has-ast-global-color-1-background-color has-background is-style-wide\" style=\"margin-top:var(--wp--preset--spacing--50);margin-bottom:var(--wp--preset--spacing--50)\"\/>\n<\/div><\/div>\n\n\n\n<div class=\"wp-block-uagb-container uagb-block-391af993 alignfull uagb-is-root-container\"><div class=\"uagb-container-inner-blocks-wrap\">\n<div class=\"wp-block-uagb-container uagb-block-9d97b2e6\">\n<div class=\"wp-block-uagb-advanced-heading uagb-block-a3dad665\"><h2 class=\"uagb-heading-text\">Conhe\u00e7a os tipos<\/h2><\/div>\n\n\n\n<div class=\"wp-block-uagb-info-box uagb-block-874f5ea9 uagb-infobox__content-wrap  uagb-infobox-icon-above-title uagb-infobox-image-valign-top\"><div class=\"uagb-ifb-content\"><div class=\"uagb-ifb-title-wrap\"><\/div><div class=\"uagb-ifb-separator\"><\/div><p class=\"uagb-ifb-desc\">\u2022 Lavamos e higienizamos persianas por meio de m\u00e9todos especiais e produtos espec\u00edficos, focados em n\u00e3o danific\u00e1-las no que se refere \u00e0 pintura, textura, formato e impermeabiliza\u00e7\u00e3o.<br>\u2022 Processo de secagem realizado 100% em ambiente natural, fundamental para garantir a qualidade do servi\u00e7o.<br>\u2022 Utilizamos a t\u00e9cnica adequada para cada tipo espec\u00edfico de persiana, eliminando toda a sujeira por igual.<br>\u2022 Retiramos e entregamos os produtos limpos e higienizados sem custo adicional, em at\u00e9 10 dias \u00fateis.<\/p><\/div><\/div>\n<\/div>\n\n\n\n<div class=\"wp-block-uagb-container uagb-block-b6e5064c\">\n<div class=\"wp-block-uagb-advanced-heading uagb-block-9d85cd94\"><h2 class=\"uagb-heading-text\">Lavagem N\u00c3O RETIRA<\/h2><\/div>\n\n\n\n<div class=\"wp-block-uagb-info-box uagb-block-6cccf541 uagb-infobox__content-wrap  uagb-infobox-icon-above-title uagb-infobox-image-valign-top\"><div class=\"uagb-ifb-content\"><div class=\"uagb-ifb-title-wrap\"><\/div><div class=\"uagb-ifb-separator\"><\/div><p class=\"uagb-ifb-desc\">\u2022 Efeitos deixados pelo tempo (desgaste, cor amarelada ou manchas de polui\u00e7\u00e3o).<br>\u2022 Graxa (parcialmente).<br>\u2022 Ferrugem (parcialmente).<\/p><\/div><\/div>\n<\/div>\n<\/div><\/div>\n","protected":false},"excerpt":{"rendered":"","protected":false},"author":1,"featured_media":0,"parent":0,"menu_order":0,"comment_status":"closed","ping_status":"closed","template":"","meta":{"site-sidebar-layout":"default","site-content-layout":"","ast-site-content-layout":"default","site-content-style":"default","site-sidebar-style":"default","ast-global-header-display":"","ast-banner-title-visibility":"","ast-main-header-display":"","ast-hfb-above-header-display":"","ast-hfb-below-header-display":"","ast-hfb-mobile-header-display":"","site-post-title":"","ast-breadcrumbs-content":"","ast-featured-img":"","footer-sml-layout":"","theme-transparent-header-meta":"","adv-header-id-meta":"","stick-header-meta":"","header-above-stick-meta":"","header-main-stick-meta":"","header-below-stick-meta":"","astra-migrate-meta-layouts":"set","ast-page-background-enabled":"default","ast-page-background-meta":{"desktop":{"background-color":"","background-image":"","background-repeat":"repeat","background-position":"center center","background-size":"auto","background-attachment":"scroll","background-type":"","background-media":"","overlay-type":"","overlay-color":"","overlay-gradient":""},"tablet":{"background-color":"","background-image":"","background-repeat":"repeat","background-position":"center center","background-size":"auto","background-attachment":"scroll","background-type":"","background-media":"","overlay-type":"","overlay-color":"","overlay-gradient":""},"mobile":{"background-color":"","background-image":"","background-repeat":"repeat","background-position":"center center","background-size":"auto","background-attachment":"scroll","background-type":"","background-media":"","overlay-type":"","overlay-color":"","overlay-gradient":""}},"ast-content-background-meta":{"desktop":{"background-color":"var(--ast-global-color-5)","background-image":"","background-repeat":"repeat","background-position":"center center","background-size":"auto","background-attachment":"scroll","background-type":"","background-media":"","overlay-type":"","overlay-color":"","overlay-gradient":""},"tablet":{"background-color":"var(--ast-global-color-5)","background-image":"","background-repeat":"repeat","background-position":"center center","background-size":"auto","background-attachment":"scroll","background-type":"","background-media":"","overlay-type":"","overlay-color":"","overlay-gradient":""},"mobile":{"background-color":"var(--ast-global-color-5)","background-image":"","background-repeat":"repeat","background-position":"center center","background-size":"auto","background-attachment":"scroll","background-type":"","background-media":"","overlay-type":"","overlay-color":"","overlay-gradient":""}},"_joinchat":[],"footnotes":""},"class_list":["post-2866","page","type-page","status-publish","hentry"],"_links":{"self":[{"href":"https:\/\/lavanderiaalves.com.br\/index.php\/wp-json\/wp\/v2\/pages\/2866","targetHints":{"allow":["GET"]}}],"collection":[{"href":"https:\/\/lavanderiaalves.com.br\/index.php\/wp-json\/wp\/v2\/pages"}],"about":[{"href":"https:\/\/lavanderiaalves.com.br\/index.php\/wp-json\/wp\/v2\/types\/page"}],"author":[{"embeddable":true,"href":"https:\/\/lavanderiaalves.com.br\/index.php\/wp-json\/wp\/v2\/users\/1"}],"replies":[{"embeddable":true,"href":"https:\/\/lavanderiaalves.com.br\/index.php\/wp-json\/wp\/v2\/comments?post=2866"}],"version-history":[{"count":0,"href":"https:\/\/lavanderiaalves.com.br\/index.php\/wp-json\/wp\/v2\/pages\/2866\/revisions"}],"wp:attachment":[{"href":"https:\/\/lavanderiaalves.com.br\/index.php\/wp-json\/wp\/v2\/media?parent=2866"}],"curies":[{"name":"wp","href":"https:\/\/api.w.org\/{rel}","templated":true}]}}